{"id":12,"date":"2015-05-27T10:58:11","date_gmt":"2015-05-27T10:58:11","guid":{"rendered":"http:\/\/schach-jedesheim.de\/?page_id=12"},"modified":"2026-03-18T12:59:40","modified_gmt":"2026-03-18T11:59:40","slug":"der-verein","status":"publish","type":"page","link":"https:\/\/schach-jedesheim.de\/?page_id=12","title":{"rendered":"Der Verein"},"content":{"rendered":"<p>Die Abteilung Schach des SV Jedesheim ist einer der gr\u00f6\u00dften und aktivsten Schachklubs im Schachbezirk Oberschwaben. Mit \u00fcber 90 Mitgliedern aller Altersgruppen haben wir viele interessante Spieler aller Spielst\u00e4rkekategorien.<\/p>\n<p>Vom Anf\u00e4nger bis zum Internationalen Meister, vom Jugendlichen bis zum Senior &#8211; bei uns finden Sie immer den richtigen Spielpartner.<\/p>\n<h1 class=\"page-title\">Vereinsabend<\/h1>\n<p><!-- .entry-header --><\/p>\n<div class=\"entry-content clearfix\">\n<p>Wir veranstalten regelm\u00e4\u00dfig offene Vereins-, Schnellschach- und Blitzschachmeisterschaften, zu denen auch die Mitglieder benachbarter Vereine sowie Hobbyspieler herzlich eingeladen sind. Aber auch f\u00fcr eine freie Partie Schach, f\u00fcr einen \u201cSchnupperabend\u201d oder f\u00fcr ein Schachtraining bietet sich f\u00fcr jeden interessierten Schachfreund die Gelegenheit. Schauen Sie doch freitags in unserem Vereinslokal vorbei.<\/p>\n<p><strong>Seit September 2024 treffen wir uns in unserem neuen Spiellokal in Illertissen:<\/strong><img loading=\"lazy\" decoding=\"async\" class=\"alignright size-medium wp-image-17609\" src=\"https:\/\/schach-jedesheim.de\/wp-content\/uploads\/2023\/09\/thumb_Adler-300x291.jpg\" alt=\"\" width=\"300\" height=\"291\" srcset=\"https:\/\/schach-jedesheim.de\/wp-content\/uploads\/2023\/09\/thumb_Adler-300x291.jpg 300w, https:\/\/schach-jedesheim.de\/wp-content\/uploads\/2023\/09\/thumb_Adler-320x310.jpg 320w, https:\/\/schach-jedesheim.de\/wp-content\/uploads\/2023\/09\/thumb_Adler.jpg 361w\" sizes=\"auto, (max-width: 300px) 100vw, 300px\" \/><\/p>\n<\/div>\n<p>Adler-Geb\u00e4ude<br \/>\nHauptstr. 2<br \/>\n89257 Illertissen<\/p>\n<p>Erwachsene: Freitag, 19.30 &#8211; 23.00 Uhr<br \/>\n<strong>Jugend: <\/strong>Freitag, 18.00 &#8211; 19.30 Uhr (Anf\u00e4nger und Fortgeschrittene)<\/p>\n<p>In der Saison 2024\/2025 nehmen wir mit mit 7 Teams an den Mannschaftsk\u00e4mpfen im Schachbezirk Oberschwaben teil.<br \/>\nIn folgenden Ligen sind unsere Mannschaften vertreten:<\/p>\n<p>1. Mannschaft: Oberliga W\u00fcrttemberg<br \/>\n2. Mannschaft: Verbandsliga S\u00fcd W\u00fcrttemberg<br \/>\n3. Mannschaft: Bezirksliga<br \/>\n4. Mannschaft: A-Klasse<br \/>\n5. Mannschaft: B-Klasse<br \/>\n6. Mannschaft: E-Klasse<br \/>\n7. Mannschaft: E-Klasse<\/p>\n<p>Jugendmannschaft: Jugend-Bezirksliga<\/p>\n<p>Auch auf den geselligen Teil wird sehr viel Wert gelegt.<br \/>\nViele gemeinsame Turnierteilnahmen sowie allj\u00e4hrlichen Feste runden das Vereinsleben ab:<\/p>\n<p>&#8211; Gartenfest im Juli<br \/>\n&#8211; Weihnachtsfeier im Dezember<\/p>\n","protected":false},"excerpt":{"rendered":"<p>Die Abteilung Schach des SV Jedesheim ist einer der gr\u00f6\u00dften und aktivsten Schachklubs im Schachbezirk Oberschwaben. Mit \u00fcber 90 Mitgliedern aller Altersgruppen haben wir viele interessante Spieler aller Spielst\u00e4rkekategorien. Vom Anf\u00e4nger bis zum Internationalen&#46;&#46;&#46;<\/p>\n","protected":false},"author":1,"featured_media":0,"parent":0,"menu_order":10,"comment_status":"closed","ping_status":"closed","template":"","meta":{"_price":"","_stock":"","_tribe_ticket_header":"","_tribe_default_ticket_provider":"","_tribe_ticket_capacity":"0","_ticket_start_date":"","_ticket_end_date":"","_tribe_ticket_show_description":"","_tribe_ticket_show_not_going":false,"_tribe_ticket_use_global_stock":"","_tribe_ticket_global_stock_level":"","_global_stock_mode":"","_global_stock_cap":"","_tribe_rsvp_for_event":"","_tribe_ticket_going_count":"","_tribe_ticket_not_going_count":"","_tribe_tickets_list":"[]","_tribe_ticket_has_attendee_info_fields":false,"footnotes":"","_tec_slr_enabled":"","_tec_slr_layout":""},"class_list":["post-12","page","type-page","status-publish","hentry"],"ticketed":false,"_links":{"self":[{"href":"https:\/\/schach-jedesheim.de\/index.php?rest_route=\/wp\/v2\/pages\/12","targetHints":{"allow":["GET"]}}],"collection":[{"href":"https:\/\/schach-jedesheim.de\/index.php?rest_route=\/wp\/v2\/pages"}],"about":[{"href":"https:\/\/schach-jedesheim.de\/index.php?rest_route=\/wp\/v2\/types\/page"}],"author":[{"embeddable":true,"href":"https:\/\/schach-jedesheim.de\/index.php?rest_route=\/wp\/v2\/users\/1"}],"replies":[{"embeddable":true,"href":"https:\/\/schach-jedesheim.de\/index.php?rest_route=%2Fwp%2Fv2%2Fcomments&post=12"}],"version-history":[{"count":18,"href":"https:\/\/schach-jedesheim.de\/index.php?rest_route=\/wp\/v2\/pages\/12\/revisions"}],"predecessor-version":[{"id":19196,"href":"https:\/\/schach-jedesheim.de\/index.php?rest_route=\/wp\/v2\/pages\/12\/revisions\/19196"}],"wp:attachment":[{"href":"https:\/\/schach-jedesheim.de\/index.php?rest_route=%2Fwp%2Fv2%2Fmedia&parent=12"}],"curies":[{"name":"wp","href":"https:\/\/api.w.org\/{rel}","templated":true}]}}